{"id":1080,"date":"2022-11-18T14:27:38","date_gmt":"2022-11-18T14:27:38","guid":{"rendered":"https:\/\/manortax.com\/?page_id=1080"},"modified":"2022-11-18T14:41:44","modified_gmt":"2022-11-18T14:41:44","slug":"politica-de-cookies","status":"publish","type":"page","link":"https:\/\/manortax.com\/es\/politica-de-cookies\/","title":{"rendered":"Pol\u00edtica de cookies"},"content":{"rendered":"\t\t<div data-elementor-type=\"wp-page\" data-elementor-id=\"1080\" class=\"elementor elementor-1080\" data-elementor-post-type=\"page\">\n\t\t\t\t\t\t<section class=\"elementor-section elementor-top-section elementor-element elementor-element-e8054bb elementor-section-boxed elementor-section-height-default elementor-section-height-default\" data-id=\"e8054bb\" data-element_type=\"section\" data-e-type=\"section\">\n\t\t\t\t\t\t<div class=\"elementor-container elementor-column-gap-default\">\n\t\t\t\t\t<div class=\"elementor-column elementor-col-100 elementor-top-column elementor-element elementor-element-3f3ce3c\" data-id=\"3f3ce3c\" data-element_type=\"column\" data-e-type=\"column\">\n\t\t\t<div class=\"elementor-widget-wrap elementor-element-populated\">\n\t\t\t\t\t\t<div class=\"elementor-element elementor-element-5293eda elementor-widget elementor-widget-text-editor\" data-id=\"5293eda\" data-element_type=\"widget\" data-e-type=\"widget\" data-widget_type=\"text-editor.default\">\n\t\t\t\t<div class=\"elementor-widget-container\">\n\t\t\t\t\t\t\t\t\t<h1><strong>Pol\u00edtica de cookies<\/strong><\/h1><p>En cumplimiento con el deber de informaci\u00f3n recogido en el apartado 2\u00ba del art\u00edculo 22 de la Ley 34\/2002, de 11 de Julio, de Servicios de la Sociedad de la Informaci\u00f3n y del Comercio Electr\u00f3nico, la presente pol\u00edtica de cookies tiene por finalidad informarle de manera clara y precisa sobre las cookies que se utilizan en la p\u00e1gina web de MANOR TAX SERVICES S.L.P. (en adelante MANOR TAX).<\/p><p><span style=\"text-decoration: underline;\"><strong>\u00bfQu\u00e9 son las cookies?<\/strong><\/span><\/p><p>Una cookie es un fichero de peque\u00f1o tama\u00f1o que los sitios web env\u00edan al navegador y se descargan en su ordenador. Las cookies permiten que la p\u00e1gina web almacene y recupere la informaci\u00f3n sobre su visita, como su idioma preferido y otras opciones, con el fin de mejorar los servicios que se ofrecen y contribuir a tener una mejor experiencia de navegaci\u00f3n para el usuario.<\/p><p><strong><span style=\"text-decoration: underline;\">Autorizaci\u00f3n para el uso de cookies<\/span><\/strong><\/p><p>De conformidad con el banner\/aviso de cookies que aparece en el sitio web, el usuario podr\u00e1 aceptar el uso de la totalidad de las cookies, rechazarlas, o modificar su configuraci\u00f3n.<br \/>&#8211; Si decide rechazarlas no podr\u00e1 seguir navegando a trav\u00e9s del sitio web.<br \/>&#8211; Si opta por modificar su configuraci\u00f3n, se le indicar\u00e1 que cookies son obligatorias para el funcionamiento de la web y cuales Ud. podr\u00e1 rechazar.<br \/>&#8211; Si acepta, consiente expresamente el uso de cookies seg\u00fan la descripci\u00f3n que a continuaci\u00f3n se detalla.<\/p><p><span style=\"text-decoration: underline;\"><strong>Tipos de cookies<\/strong><\/span><\/p><p>En funci\u00f3n de qui\u00e9n gestione el dominio desde donde se env\u00edan las cookies y se traten los datos, se distinguir\u00e1 entre cookies propias y cookies de terceros.<\/p><p>Las cookies tambi\u00e9n pueden clasificarse seg\u00fan el plazo de tiempo que permanezcan almacenadas en el navegador del usuario, distingui\u00e9ndose entre cookies de sesi\u00f3n o cookies persistentes.<\/p><p>Finalmente, en funci\u00f3n de la finalidad para la que se trate la informaci\u00f3n recopilada, las cookies se pueden clasificar en las siguientes categor\u00edas:<\/p><ul><li>Cookies t\u00e9cnicas: permiten al usuario navegar por un sitio web y utilizar algunos de los servicios ofrecidos por el mismo (como, por ejemplo, las que sirven para recordar los elementos integrantes de un carrito de compra).<\/li><li>Cookies de personalizaci\u00f3n: permiten que el usuario acceda al sitio web con unas caracter\u00edsticas determinadas, como puede ser el idioma.<\/li><li>Cookies de seguridad: sirven para impedir o dificultar los ataques contra el sitio web.<\/li><li>Cookies de complemento para intercambiar contenidos sociales: los llamados plug-in, que permiten compartir contenidos en redes sociales.<\/li><li>Cookies de an\u00e1lisis: permiten al responsable el seguimiento del comportamiento del usuario.<\/li><li>Cookies publicitarias: permiten gestionar los espacios de publicidad del sitio web.<\/li><li>Cookies de publicidad comportamental: como las anteriores, sirven para gestionar los espacios de publicidad del sitio web en funci\u00f3n de la informaci\u00f3n recogida sobre el comportamiento del usuario y sus h\u00e1bitos, adaptando la publicidad del usuario.<\/li><li>Cookies de geolocalizaci\u00f3n: utilizadas para averiguar el pa\u00eds d\u00f3nde se encuentra el usuario.<\/li><\/ul>\t\t\t\t\t\t\t\t<\/div>\n\t\t\t\t<\/div>\n\t\t\t\t<div class=\"elementor-element elementor-element-3052ad8 elementor-widget elementor-widget-text-editor\" data-id=\"3052ad8\" data-element_type=\"widget\" data-e-type=\"widget\" data-widget_type=\"text-editor.default\">\n\t\t\t\t<div class=\"elementor-widget-container\">\n\t\t\t\t\t\t\t\t\t<p><strong>Cookies utilizadas por esta p\u00e1gina web<\/strong><\/p><table width=\"603\"><tbody><tr><td width=\"92\"><p><strong>Cookie<\/strong><\/p><\/td><td width=\"340\"><p>\u00a0<\/p><\/td><td width=\"87\"><p>\u00a0<\/p><\/td><td width=\"84\"><p>\u00a0<\/p><\/td><\/tr><tr><td width=\"92\"><p><strong>PHPSESSID<\/strong><\/p><\/td><td width=\"340\"><p>Esta cookie es nativa de las aplicaciones PHP. La cookie se utiliza para almacenar e identificar el ID de sesi\u00f3n \u00fanico de un usuario con el fin de administrar la sesi\u00f3n del usuario en el sitio web. La cookie es una cookie de sesi\u00f3n y se elimina cuando se cierran todas las ventanas del navegador.<\/p><\/td><td width=\"87\"><p>Al finalizar la sesi\u00f3n de navegaci\u00f3n<\/p><\/td><td width=\"84\"><p>Necesario<\/p><\/td><\/tr><tr><td width=\"92\"><p><strong>lang<\/strong><\/p><\/td><td width=\"340\"><p>Esta cookie se utiliza para almacenar las preferencias de idioma de un usuario para servir contenido en ese idioma almacenado la pr\u00f3xima vez que el usuario visite el sitio web.<\/p><\/td><td width=\"87\"><p>Al finalizar la sesi\u00f3n de navegaci\u00f3n<\/p><\/td><td width=\"84\"><p>Funcional<\/p><\/td><\/tr><tr><td width=\"92\"><p><strong>personalization_id<\/strong><\/p><\/td><td width=\"340\"><p>Plugin de servicio twitter. Su finalidad es obtener la informaci\u00f3n de los usuarios que han utilizado este servicio.<\/p><\/td><td width=\"87\"><p>2 a\u00f1os<\/p><\/td><td width=\"84\"><p>Publicidad<\/p><\/td><\/tr><\/tbody><\/table><p><strong>C\u00f3mo modificar la configuraci\u00f3n de las cookies<\/strong><\/p><p>Usted puede restringir, bloquear o borrar las cookies de MANOR TAX o cualquier otra p\u00e1gina web utilizando su navegador. En cada navegador la operativa es diferente, puede encontrar c\u00f3mo hacerlo en el men\u00fa de ayuda de su navegador d\u00f3nde se establece el procedimiento para su eliminaci\u00f3n. Para m\u00e1s informaci\u00f3n:<\/p><p><strong>Google Chrome:<\/strong><br \/><a href=\"https:\/\/support.google.com\/chrome\/answer\/95647?co=GENIE.Platform%253DDesktop&amp;hl=es\" target=\"_blank\" rel=\"noopener\">https:\/\/support.google.com\/chrome\/answer\/95647?co=GENIE.Platform%3DDesktop&amp;hl=es<\/a><\/p><p><strong>Mozilla Firefox:<br \/><\/strong><a href=\"https:\/\/support.mozilla.org\/es\/kb\/habilitar-y-deshabilitar-cookies-sitios-web-rastrear-preferencias\" target=\"_blank\" rel=\"noopener\">https:\/\/support.mozilla.org\/es\/kb\/habilitar-y-deshabilitar-cookies-sitios-web-rastrear-preferencias<\/a><\/p><p><strong>Safari:<\/strong><br \/><a href=\"https:\/\/support.apple.com\/es-es\/guide\/safari\/sfri11471\/mac\" target=\"_blank\" rel=\"noopener\">https:\/\/support.apple.com\/es-es\/guide\/safari\/sfri11471\/mac<\/a><\/p><p><strong>Internet Explorer:<\/strong><br \/><a href=\"https:\/\/support.microsoft.com\/es-es\/help\/278835\/how-to-delete-cookie-files-in-internet-explorer\" target=\"_blank\" rel=\"noopener\">https:\/\/support.microsoft.com\/es-es\/help\/278835\/how-to-delete-cookie- les-in-internet-explorer<\/a><\/p><p>Es posible que al deshabilitar las cookies la p\u00e1gina web no funcione correctamente o no pueda acceder a determinadas funciones de la misma.<br \/><br \/><\/p><p><strong>Modificaci\u00f3n de las condiciones<\/strong><\/p><p>MANOR TAX se reserva expresamente el derecho a modificar unilateralmente, total o parcialmente, sin necesidad de previo aviso, la presente Pol\u00edtica de Cookies. El usuario reconoce y acepta que es su responsabilidad revisar la presente Pol\u00edtica de Cookies.\u00a0\u00a0\u00a0<\/p>\t\t\t\t\t\t\t\t<\/div>\n\t\t\t\t<\/div>\n\t\t\t\t\t<\/div>\n\t\t<\/div>\n\t\t\t\t\t<\/div>\n\t\t<\/section>\n\t\t\t\t<\/div>\n\t\t","protected":false},"excerpt":{"rendered":"<p>Pol\u00edtica de cookies En cumplimiento con el deber de informaci\u00f3n recogido en el apartado 2\u00ba del art\u00edculo 22 de la Ley 34\/2002, de 11 de Julio, de Servicios de la Sociedad de la Informaci\u00f3n y del Comercio Electr\u00f3nico, la presente pol\u00edtica de cookies tiene por finalidad informarle de manera clara y precisa sobre las cookies&hellip;&nbsp;<a href=\"https:\/\/manortax.com\/es\/politica-de-cookies\/\" rel=\"bookmark\">Leer m\u00e1s &raquo;<span class=\"screen-reader-text\">Pol\u00edtica de cookies<\/span><\/a><\/p>\n","protected":false},"author":1,"featured_media":0,"parent":0,"menu_order":0,"comment_status":"closed","ping_status":"closed","template":"page-templates\/template-pagebuilder-full-width.php","meta":{"neve_meta_sidebar":"","neve_meta_container":"","neve_meta_enable_content_width":"","neve_meta_content_width":0,"neve_meta_title_alignment":"","neve_meta_author_avatar":"","neve_post_elements_order":"","neve_meta_disable_header":"","neve_meta_disable_footer":"","neve_meta_disable_title":"","footnotes":""},"class_list":["post-1080","page","type-page","status-publish","hentry"],"_links":{"self":[{"href":"https:\/\/manortax.com\/es\/wp-json\/wp\/v2\/pages\/1080","targetHints":{"allow":["GET"]}}],"collection":[{"href":"https:\/\/manortax.com\/es\/wp-json\/wp\/v2\/pages"}],"about":[{"href":"https:\/\/manortax.com\/es\/wp-json\/wp\/v2\/types\/page"}],"author":[{"embeddable":true,"href":"https:\/\/manortax.com\/es\/wp-json\/wp\/v2\/users\/1"}],"replies":[{"embeddable":true,"href":"https:\/\/manortax.com\/es\/wp-json\/wp\/v2\/comments?post=1080"}],"version-history":[{"count":11,"href":"https:\/\/manortax.com\/es\/wp-json\/wp\/v2\/pages\/1080\/revisions"}],"predecessor-version":[{"id":3125,"href":"https:\/\/manortax.com\/es\/wp-json\/wp\/v2\/pages\/1080\/revisions\/3125"}],"wp:attachment":[{"href":"https:\/\/manortax.com\/es\/wp-json\/wp\/v2\/media?parent=1080"}],"curies":[{"name":"wp","href":"https:\/\/api.w.org\/{rel}","templated":true}]}}