{"id":3516,"date":"2025-10-01T12:00:13","date_gmt":"2025-10-01T12:00:13","guid":{"rendered":"https:\/\/manortax.com\/?page_id=3516"},"modified":"2025-10-01T12:00:12","modified_gmt":"2025-10-01T12:00:12","slug":"calculadora-ley-beckham","status":"publish","type":"page","link":"https:\/\/manortax.com\/es\/calculadora-ley-beckham\/","title":{"rendered":"Calculadora Ley Beckham"},"content":{"rendered":"\t\t<div data-elementor-type=\"wp-page\" data-elementor-id=\"3516\" class=\"elementor elementor-3516\" data-elementor-post-type=\"page\">\n\t\t\t\t<div class=\"elementor-element elementor-element-9e4c00a e-flex e-con-boxed e-con e-parent\" data-id=\"9e4c00a\" data-element_type=\"container\" data-e-type=\"container\">\n\t\t\t\t\t<div class=\"e-con-inner\">\n\t\t\t\t<div class=\"elementor-element elementor-element-f9909ea elementor-widget elementor-widget-html\" data-id=\"f9909ea\" data-element_type=\"widget\" data-e-type=\"widget\" data-widget_type=\"html.default\">\n\t\t\t\t<div class=\"elementor-widget-container\">\n\t\t\t\t\t<div class=\"calculator-container\">\r\n    <div class=\"calculator-header\">\r\n        <h1>Calculadora Ley Beckham Espa\u00f1a<\/h1>\r\n        <p>Calcule su ahorro fiscal bajo el R\u00e9gimen Especial de Trabajadores Desplazados<\/p>\r\n    <\/div>\r\n    \r\n    <div class=\"calculator-body\">\r\n        <div class=\"input-section\">\r\n            <h2>Datos de Entrada<\/h2>\r\n            \r\n            <div class=\"input-group\">\r\n                <label for=\"grossSalary\">\r\n                    Salario Bruto Anual (\u20ac)\r\n                    <span class=\"info-tooltip\" data-tooltip=\"Sus ingresos totales anuales por trabajo en Espa\u00f1a\">?<\/span>\r\n                <\/label>\r\n                <input id=\"grossSalary\" min=\"0\" placeholder=\"150,000\" step=\"1000\" type=\"number\" required>\r\n                <span class=\"input-helper\">Sus ingresos totales anuales por trabajo en Espa\u00f1a<\/span>\r\n            <\/div>\r\n            \r\n            <div class=\"input-group\">\r\n                <label for=\"region\">\r\n                    Comunidad Aut\u00f3noma\r\n                    <span class=\"info-tooltip\" data-tooltip=\"Su lugar de residencia fiscal en Espa\u00f1a\">?<\/span>\r\n                <\/label>\r\n                <select id=\"region\">\r\n                    <option value=\"madrid\">Madrid<\/option>\r\n                    <option value=\"catalonia\">Catalu\u00f1a<\/option>\r\n                    <option value=\"valencia\">Comunidad Valenciana<\/option>\r\n                    <option value=\"andalusia\">Andaluc\u00eda<\/option>\r\n                    <option value=\"basque\">Pa\u00eds Vasco<\/option>\r\n                    <option value=\"galicia\">Galicia<\/option>\r\n                    <option value=\"canarias\">Islas Canarias<\/option>\r\n                    <option value=\"baleares\">Islas Baleares<\/option>\r\n                <\/select>\r\n            <\/div>\r\n            \r\n            <div class=\"input-group\">\r\n                <label for=\"foreignDividends\">\r\n                    Dividendos Extranjeros (\u20ac)\r\n                    <span class=\"info-tooltip\" data-tooltip=\"Dividendos anuales de empresas extranjeras\">?<\/span>\r\n                <\/label>\r\n                <input id=\"foreignDividends\" min=\"0\" placeholder=\"0\" step=\"100\" type=\"number\">\r\n                <span class=\"input-helper\">Dividendos anuales de empresas extranjeras<\/span>\r\n            <\/div>\r\n            \r\n            <div class=\"input-group\">\r\n                <label for=\"foreignRental\">\r\n                    Ingresos por Alquileres Extranjeros (\u20ac)\r\n                    <span class=\"info-tooltip\" data-tooltip=\"Ingresos anuales por alquiler de propiedades en el extranjero\">?<\/span>\r\n                <\/label>\r\n                <input id=\"foreignRental\" min=\"0\" placeholder=\"0\" step=\"100\" type=\"number\">\r\n                <span class=\"input-helper\">Ingresos anuales por alquiler de propiedades en el extranjero<\/span>\r\n            <\/div>\r\n            \r\n            <div class=\"input-group\">\r\n                <label for=\"foreignCapitalGains\">\r\n                    Ganancias de Capital Extranjeras (\u20ac)\r\n                    <span class=\"info-tooltip\" data-tooltip=\"Ganancias anuales de inversiones extranjeras\">?<\/span>\r\n                <\/label>\r\n                <input id=\"foreignCapitalGains\" min=\"0\" placeholder=\"0\" step=\"100\" type=\"number\">\r\n                <span class=\"input-helper\">Ganancias anuales de inversiones extranjeras<\/span>\r\n            <\/div>\r\n            \r\n            <div class=\"input-group\">\r\n                <label for=\"spanishAssets\">\r\n                    Valor de Activos en Espa\u00f1a (\u20ac)\r\n                    <span class=\"info-tooltip\" data-tooltip=\"Valor total de activos ubicados en Espa\u00f1a\">?<\/span>\r\n                <\/label>\r\n                <input id=\"spanishAssets\" min=\"0\" placeholder=\"0\" step=\"1000\" type=\"number\">\r\n                <span class=\"input-helper\">Valor total de activos ubicados en Espa\u00f1a para el c\u00e1lculo del impuesto sobre el patrimonio<\/span>\r\n            <\/div>\r\n            \r\n            <button class=\"calculate-button\" onclick=\"calculateTax()\">Calcular Ahorro Fiscal<\/button>\r\n        <\/div>\r\n        \r\n        <div class=\"results-section\">\r\n            <div class=\"result-header\">\r\n                <h2>Resultados del C\u00e1lculo Fiscal<\/h2>\r\n                <span class=\"region-badge\" id=\"selected-region\">Madrid<\/span>\r\n            <\/div>\r\n            \r\n            <div class=\"loading\" id=\"loading\">\r\n                <div class=\"spinner\"><\/div>\r\n                <p>Calculando...<\/p>\r\n            <\/div>\r\n            \r\n            <div id=\"results-display\" style=\"display:none\">\r\n                <div class=\"tax-amount\" id=\"beckhamTax\">\u20ac0<\/div>\r\n                \r\n                <div class=\"savings-indicator\">\r\n                    <div class=\"amount\" id=\"annualSavings\">\u20ac0<\/div>\r\n                    <div class=\"label\">Ahorro Fiscal Anual<\/div>\r\n                <\/div>\r\n                \r\n                <div class=\"calculation-breakdown\">\r\n                    <h3>Desglose del C\u00e1lculo<\/h3>\r\n                    <div class=\"breakdown-item\">\r\n                        <span>Ingresos por Trabajo<\/span>\r\n                        <span id=\"employment-income\">\u20ac0<\/span>\r\n                    <\/div>\r\n                    <div class=\"breakdown-item\">\r\n                        <span>Impuesto Ley Beckham (24%)<\/span>\r\n                        <span id=\"beckham-employment-tax\">\u20ac0<\/span>\r\n                    <\/div>\r\n                    <div class=\"breakdown-item\">\r\n                        <span>Impuesto IRPF Est\u00e1ndar<\/span>\r\n                        <span id=\"standard-employment-tax\">\u20ac0<\/span>\r\n                    <\/div>\r\n                    <div class=\"breakdown-item\">\r\n                        <span>Impuesto Ingresos Extranjeros (Beckham)<\/span>\r\n                        <span id=\"beckham-foreign-tax\">\u20ac0<\/span>\r\n                    <\/div>\r\n                    <div class=\"breakdown-item\">\r\n                        <span>Impuesto Ingresos Extranjeros (Est\u00e1ndar)<\/span>\r\n                        <span id=\"standard-foreign-tax\">\u20ac0<\/span>\r\n                    <\/div>\r\n                    <div class=\"breakdown-item\">\r\n                        <span>Seguridad Social<\/span>\r\n                        <span id=\"social-security\">\u20ac3,818<\/span>\r\n                    <\/div>\r\n                    <div class=\"breakdown-item\">\r\n                        <span>Diferencia Impuesto Patrimonio<\/span>\r\n                        <span id=\"wealth-tax-diff\">\u20ac0<\/span>\r\n                    <\/div>\r\n                    <div class=\"breakdown-item\">\r\n                        <span>Ahorro Anual Total<\/span>\r\n                        <span id=\"total-savings\">\u20ac0<\/span>\r\n                    <\/div>\r\n                <\/div>\r\n                \r\n                <div class=\"comparison-table\">\r\n                    <table>\r\n                        <thead>\r\n                            <tr>\r\n                                <th>Componente Fiscal<\/th>\r\n                                <th>Ley Beckham<\/th>\r\n                                <th>IRPF Est\u00e1ndar<\/th>\r\n                                <th>Diferencia<\/th>\r\n                            <\/tr>\r\n                        <\/thead>\r\n                        <tbody>\r\n                            <tr>\r\n                                <td>Impuesto sobre Rentas del Trabajo<\/td>\r\n                                <td id=\"beckhamEmployment\">\u20ac0<\/td>\r\n                                <td id=\"standardEmployment\">\u20ac0<\/td>\r\n                                <td id=\"diffEmployment\">\u20ac0<\/td>\r\n                            <\/tr>\r\n                            <tr>\r\n                                <td>Impuesto sobre Rentas Extranjeras<\/td>\r\n                                <td id=\"beckhamForeign\">\u20ac0<\/td>\r\n                                <td id=\"standardForeign\">\u20ac0<\/td>\r\n                                <td id=\"diffForeign\">\u20ac0<\/td>\r\n                            <\/tr>\r\n                            <tr>\r\n                                <td>Seguridad Social (m\u00e1x)<\/td>\r\n                                <td id=\"beckhamSS\">\u20ac3,818<\/td>\r\n                                <td id=\"standardSS\">\u20ac3,818<\/td>\r\n                                <td>\u20ac0<\/td>\r\n                            <\/tr>\r\n                            <tr>\r\n                                <td>Impuesto sobre el Patrimonio<\/td>\r\n                                <td id=\"beckhamWealth\">\u20ac0<\/td>\r\n                                <td id=\"standardWealth\">\u20ac0<\/td>\r\n                                <td id=\"diffWealth\">\u20ac0<\/td>\r\n                            <\/tr>\r\n                            <tr style=\"font-weight:700;background:#f8f9fa\">\r\n                                <td>Impuesto Anual Total<\/td>\r\n                                <td id=\"beckhamTotal\">\u20ac0<\/td>\r\n                                <td id=\"standardTotal\">\u20ac0<\/td>\r\n                                <td id=\"diffTotal\" style=\"color:#28a745\">\u20ac0<\/td>\r\n                            <\/tr>\r\n                        <\/tbody>\r\n                    <\/table>\r\n                <\/div>\r\n            <\/div>\r\n        <\/div>\r\n    <\/div>\r\n<\/div>\r\n\r\n<div class=\"document-checklist\">\r\n    <h4>Aviso importante sobre los c\u00e1lculos<\/h4>\r\n    <p>Esta calculadora de la Ley Beckham proporciona estimaciones basadas en las regulaciones fiscales vigentes en todas las comunidades aut\u00f3nomas espa\u00f1olas. Aunque los c\u00e1lculos reflejan las tasas y deducciones est\u00e1ndar tanto bajo el r\u00e9gimen especial de expatriados como la tributaci\u00f3n IRPF regular, las circunstancias individuales a menudo involucran complejidades adicionales que requieren una evaluaci\u00f3n profesional.<\/p>\r\n    \r\n    <p>Para un an\u00e1lisis fiscal personalizado que considere su situaci\u00f3n espec\u00edfica, estructuras de ingresos internacionales y oportunidades de optimizaci\u00f3n fiscal bajo la Ley Beckham, nuestros asesores experimentados est\u00e1n listos para ayudarle. Brindamos soporte integral en ingl\u00e9s y espa\u00f1ol, asegurando que comprenda todos los aspectos de sus beneficios y obligaciones fiscales.<\/p>\r\n    \r\n    <a href=\"\/contact\/\" class=\"cta-button-html\">Obtenga su c\u00e1lculo fiscal personalizado<\/a>\r\n<\/div>\r\n\r\n<div class=\"main-content\">\r\n    <div class=\"content-section\">\r\n        <h2>C\u00f3mo Funciona la Calculadora de la Ley Beckham<\/h2>\r\n        <p>Nuestra calculadora de la Ley Beckham proporciona una comparaci\u00f3n precisa entre el r\u00e9gimen fiscal especial de expatriados de Espa\u00f1a (Ley Beckham) y la tributaci\u00f3n est\u00e1ndar de residentes espa\u00f1oles (IRPF). La calculadora considera sus ingresos por trabajo, fuentes de ingresos extranjeros, comunidad aut\u00f3noma de residencia e implicaciones potenciales del impuesto sobre el patrimonio.<\/p>\r\n        \r\n        <p>Bajo la Ley Beckham, usted paga un tipo fijo del 24% sobre los ingresos del trabajo en Espa\u00f1a hasta 600.000\u20ac, con cantidades superiores gravadas al 47%. Lo m\u00e1s importante es que todos los ingresos de fuente extranjera permanecen completamente exentos de tributaci\u00f3n espa\u00f1ola durante su per\u00edodo de r\u00e9gimen de seis a\u00f1os. Obtenga m\u00e1s informaci\u00f3n sobre los <a href=\"\/individual-services\/beckham-law\/\">requisitos de la Ley Beckham<\/a> y el proceso de solicitud.<\/p>\r\n        \r\n        <div class=\"info-card\">\r\n            <h4>Factores Clave del C\u00e1lculo:<\/h4>\r\n            <ul>\r\n                <li>\u2713 Ingresos del trabajo gravados al 24% (hasta 600.000\u20ac) vs tipos progresivos hasta 47-54%<\/li>\r\n                <li>\u2713 Ingresos extranjeros: 0% de impuestos bajo la Ley Beckham vs tributaci\u00f3n completa bajo IRPF est\u00e1ndar<\/li>\r\n                <li>\u2713 El impuesto sobre el patrimonio aplica solo a activos espa\u00f1oles bajo la Ley Beckham<\/li>\r\n                <li>\u2713 Las variaciones regionales afectan las tasas IRPF est\u00e1ndar (Madrid 43% vs Valencia 54%)<\/li>\r\n                <li>\u2713 Cotizaciones a la seguridad social limitadas a 3.818\u20ac anuales para ambos reg\u00edmenes<\/li>\r\n            <\/ul>\r\n        <\/div>\r\n    <\/div>\r\n    \r\n    <h2>Comprenda los Resultados de su C\u00e1lculo de la Ley Beckham<\/h2>\r\n    \r\n    <h3>Tributaci\u00f3n de Ingresos del Trabajo<\/h3>\r\n    <p>La calculadora aplica el tipo fijo del 24% de la Ley Beckham a sus ingresos del trabajo en Espa\u00f1a hasta 600.000\u20ac. Cualquier cantidad superior a 600.000\u20ac se grava al 47%. Esto se compara favorablemente con los tipos progresivos est\u00e1ndar del IRPF que pueden alcanzar el 47-54% dependiendo de su comunidad aut\u00f3noma.<\/p>\r\n    \r\n    <h3>Tratamiento de Ingresos Extranjeros<\/h3>\r\n    <p>Una de las mayores ventajas de la Ley Beckham es la exenci\u00f3n completa de los ingresos de fuente extranjera. La calculadora muestra 0\u20ac de impuestos sobre todos los dividendos extranjeros, ingresos por alquiler y ganancias de capital bajo la Ley Beckham, mientras que estos estar\u00edan completamente gravados bajo la tributaci\u00f3n est\u00e1ndar de residentes espa\u00f1oles.<\/p>\r\n    \r\n    <h3>Variaciones Fiscales Regionales<\/h3>\r\n    <p>Su elecci\u00f3n de comunidad aut\u00f3noma afecta significativamente la tributaci\u00f3n IRPF est\u00e1ndar pero no impacta las tasas de la Ley Beckham. Madrid ofrece las tasas combinadas m\u00e1s bajas al 43% para los que m\u00e1s ganan, mientras que Valencia alcanza el 54%. La calculadora ajusta los c\u00e1lculos del IRPF est\u00e1ndar seg\u00fan su regi\u00f3n seleccionada.<\/p>\r\n    \r\n    <h3>Implicaciones del Impuesto sobre el Patrimonio<\/h3>\r\n    <p>Bajo la Ley Beckham, el impuesto sobre el patrimonio aplica solo a los activos espa\u00f1oles con una exenci\u00f3n de 700.000\u20ac. Madrid y Andaluc\u00eda ofrecen un 100% de bonificaci\u00f3n en el impuesto sobre el patrimonio, mientras que regiones como Catalu\u00f1a y Valencia imponen tasas de hasta el 3,5%. La calculadora estima el impuesto sobre el patrimonio bas\u00e1ndose en el valor de sus activos espa\u00f1oles y la regi\u00f3n seleccionada.<\/p>\r\n<\/div>\r\n\r\n<div class=\"cta-box\">\r\n    <h3>\u00bfNecesita Asistencia Profesional con la Ley Beckham?<\/h3>\r\n    <p>Nuestros expertos fiscales biling\u00fces han ayudado a cientos de expatriados a solicitar exitosamente la Ley Beckham, maximizando sus ahorros fiscales y garantizando el cumplimiento total.<\/p>\r\n    <a href=\"\/contact\/\" class=\"cta-button\">Obtenga Asesor\u00eda Fiscal Experta<\/a>\r\n<\/div>\t\t\t\t<\/div>\n\t\t\t\t<\/div>\n\t\t\t\t<div class=\"elementor-element elementor-element-0ee7cad elementor-widget elementor-widget-html\" data-id=\"0ee7cad\" data-element_type=\"widget\" data-e-type=\"widget\" data-widget_type=\"html.default\">\n\t\t\t\t<div class=\"elementor-widget-container\">\n\t\t\t\t\t  <script>const regionalRates={madrid:{base:.43,wealth:0},catalonia:{base:.5,wealth:.035},valencia:{base:.54,wealth:.035},andalusia:{base:.475,wealth:0},basque:{base:.49,wealth:.025},galicia:{base:.475,wealth:.025},canarias:{base:.46,wealth:.03},baleares:{base:.475,wealth:.035}},SS_CAP=58914,SS_RATE=.0647,SS_MAX=3818;function calculateBeckhamTax(e,t,n,a){let o=0;o=e<=6e5?.24*e:144e3+.47*(e-6e5);let l=Math.min(e*SS_RATE,SS_MAX),r=0;if(n>7e5){r=(n-7e5)*regionalRates[a].wealth}return{employment:o,foreign:0,socialSecurity:l,wealth:r,total:o+0+l+r}}function calculateStandardTax(e,t,n,a){let o=e+t,l=0,r=0;const m=regionalRates[a].base;if(l=o<=12450?.19*o:o<=20200?2365.5+.24*(o-12450):o<=35200?4225.5+.3*(o-20200):o<=6e4?8725.5+.37*(o-35200):o<=3e5?17901.5+(o-6e4)*(m-.02):17901.5+24e4*(m-.02)+(o-3e5)*m,o>0){r=l*(t\/o),l*=e\/o}let c=Math.min(e*SS_RATE,SS_MAX),d=0,u=n+10*t;if(u>7e5){d=(u-7e5)*regionalRates[a].wealth}return{employment:l,foreign:r,socialSecurity:c,wealth:d,total:l+r+c+d}}function formatCurrency(e){return\"\u20ac\"+Math.round(e).toLocaleString(\"en-EU\")}function toggleLanguage(){const e=document.querySelectorAll(\"[data-en]\"),t=document.querySelector(\".language-toggle\").textContent.includes(\"English\");e.forEach((e=>{t?(e.textContent=e.getAttribute(\"data-es\"),document.querySelector(\".language-toggle\").textContent=\"\ud83c\uddec\ud83c\udde7 English\"):(e.textContent=e.getAttribute(\"data-en\"),document.querySelector(\".language-toggle\").textContent=\"\ud83c\uddea\ud83c\uddf8 Espa\u00f1ol\")}))}function calculateTax(){document.getElementById(\"loading\").classList.add(\"active\"),document.getElementById(\"results-display\").style.display=\"none\";const e=parseFloat(document.getElementById(\"grossSalary\").value)||0,t=parseFloat(document.getElementById(\"foreignDividends\").value)||0,n=parseFloat(document.getElementById(\"foreignRental\").value)||0,a=parseFloat(document.getElementById(\"foreignCapitalGains\").value)||0,o=parseFloat(document.getElementById(\"spanishAssets\").value)||0,l=document.getElementById(\"region\").value,r=t+n+a;setTimeout((()=>{const t=calculateBeckhamTax(e,r,o,l),n=calculateStandardTax(e,r,o,l),a=n.total-t.total,m=document.getElementById(\"region\"),c=m.options[m.selectedIndex].text;document.getElementById(\"selected-region\").textContent=c,document.getElementById(\"beckhamTax\").textContent=formatCurrency(t.total),document.getElementById(\"annualSavings\").textContent=formatCurrency(a),document.getElementById(\"employment-income\").textContent=formatCurrency(e),document.getElementById(\"beckham-employment-tax\").textContent=formatCurrency(t.employment),document.getElementById(\"standard-employment-tax\").textContent=formatCurrency(n.employment),document.getElementById(\"beckham-foreign-tax\").textContent=formatCurrency(t.foreign),document.getElementById(\"standard-foreign-tax\").textContent=formatCurrency(n.foreign),document.getElementById(\"social-security\").textContent=formatCurrency(t.socialSecurity),document.getElementById(\"wealth-tax-diff\").textContent=formatCurrency(n.wealth-t.wealth),document.getElementById(\"total-savings\").textContent=formatCurrency(a),document.getElementById(\"beckhamEmployment\").textContent=formatCurrency(t.employment),document.getElementById(\"standardEmployment\").textContent=formatCurrency(n.employment),document.getElementById(\"diffEmployment\").textContent=formatCurrency(n.employment-t.employment),document.getElementById(\"beckhamForeign\").textContent=formatCurrency(t.foreign),document.getElementById(\"standardForeign\").textContent=formatCurrency(n.foreign),document.getElementById(\"diffForeign\").textContent=formatCurrency(n.foreign-t.foreign),document.getElementById(\"beckhamSS\").textContent=formatCurrency(t.socialSecurity),document.getElementById(\"standardSS\").textContent=formatCurrency(n.socialSecurity),document.getElementById(\"beckhamWealth\").textContent=formatCurrency(t.wealth),document.getElementById(\"standardWealth\").textContent=formatCurrency(n.wealth),document.getElementById(\"diffWealth\").textContent=formatCurrency(n.wealth-t.wealth),document.getElementById(\"beckhamTotal\").textContent=formatCurrency(t.total),document.getElementById(\"standardTotal\").textContent=formatCurrency(n.total),document.getElementById(\"diffTotal\").textContent=formatCurrency(a),document.getElementById(\"loading\").classList.remove(\"active\"),document.getElementById(\"results-display\").style.display=\"block\",document.querySelector(\".results-section\").scrollIntoView({behavior:\"smooth\",block:\"start\"}),document.getElementById(\"compare-regions\").checked&&compareAllRegions(e,r,o)}),800)}function compareAllRegions(e,t,n){const a=Object.keys(regionalRates),o=[];a.forEach((a=>{const l=calculateBeckhamTax(e,t,n,a),r=calculateStandardTax(e,t,n,a);o.push({region:a,beckhamTotal:l.total,standardTotal:r.total,savings:r.total-l.total})})),o.sort(((e,t)=>t.savings-e.savings)),console.log(\"Regional Comparison:\",o)}document.addEventListener(\"DOMContentLoaded\",(function(){document.querySelectorAll('input[type=\"number\"]').forEach((e=>{e.addEventListener(\"keypress\",(function(e){\"Enter\"===e.key&&calculateTax()}))}))}));<\/script>\t\t\t\t<\/div>\n\t\t\t\t<\/div>\n\t\t\t\t\t<\/div>\n\t\t\t\t<\/div>\n\t\t<div class=\"elementor-element elementor-element-17f6474 e-flex e-con-boxed e-con e-parent\" data-id=\"17f6474\" data-element_type=\"container\" data-e-type=\"container\">\n\t\t\t\t\t<div class=\"e-con-inner\">\n\t\t\t\t\t<\/div>\n\t\t\t\t<\/div>\n\t\t\t\t<\/div>\n\t\t","protected":false},"excerpt":{"rendered":"<p>Calculadora Ley Beckham Espa\u00f1a Calcule su ahorro fiscal bajo el R\u00e9gimen Especial de Trabajadores Desplazados Datos de Entrada Salario Bruto Anual (\u20ac) ? Sus ingresos totales anuales por trabajo en Espa\u00f1a Comunidad Aut\u00f3noma ? MadridCatalu\u00f1aComunidad ValencianaAndaluc\u00edaPa\u00eds VascoGaliciaIslas CanariasIslas Baleares Dividendos Extranjeros (\u20ac) ? Dividendos anuales de empresas extranjeras Ingresos por Alquileres Extranjeros (\u20ac) ? Ingresos&hellip;&nbsp;<a href=\"https:\/\/manortax.com\/es\/calculadora-ley-beckham\/\" rel=\"bookmark\">Leer m\u00e1s &raquo;<span class=\"screen-reader-text\">Calculadora Ley Beckham<\/span><\/a><\/p>\n","protected":false},"author":3,"featured_media":0,"parent":0,"menu_order":0,"comment_status":"closed","ping_status":"closed","template":"page-templates\/template-pagebuilder-full-width.php","meta":{"neve_meta_sidebar":"","neve_meta_container":"","neve_meta_enable_content_width":"","neve_meta_content_width":0,"neve_meta_title_alignment":"","neve_meta_author_avatar":"","neve_post_elements_order":"","neve_meta_disable_header":"","neve_meta_disable_footer":"","neve_meta_disable_title":"","footnotes":""},"class_list":["post-3516","page","type-page","status-publish","hentry"],"_links":{"self":[{"href":"https:\/\/manortax.com\/es\/wp-json\/wp\/v2\/pages\/3516","targetHints":{"allow":["GET"]}}],"collection":[{"href":"https:\/\/manortax.com\/es\/wp-json\/wp\/v2\/pages"}],"about":[{"href":"https:\/\/manortax.com\/es\/wp-json\/wp\/v2\/types\/page"}],"author":[{"embeddable":true,"href":"https:\/\/manortax.com\/es\/wp-json\/wp\/v2\/users\/3"}],"replies":[{"embeddable":true,"href":"https:\/\/manortax.com\/es\/wp-json\/wp\/v2\/comments?post=3516"}],"version-history":[{"count":8,"href":"https:\/\/manortax.com\/es\/wp-json\/wp\/v2\/pages\/3516\/revisions"}],"predecessor-version":[{"id":3664,"href":"https:\/\/manortax.com\/es\/wp-json\/wp\/v2\/pages\/3516\/revisions\/3664"}],"wp:attachment":[{"href":"https:\/\/manortax.com\/es\/wp-json\/wp\/v2\/media?parent=3516"}],"curies":[{"name":"wp","href":"https:\/\/api.w.org\/{rel}","templated":true}]}}