{"id":834,"date":"2022-04-03T09:53:26","date_gmt":"2022-04-03T09:53:26","guid":{"rendered":"https:\/\/manortax.com\/aviso-legal\/"},"modified":"2025-08-04T07:52:00","modified_gmt":"2025-08-04T07:52:00","slug":"aviso-legal","status":"publish","type":"page","link":"https:\/\/manortax.com\/es\/aviso-legal\/","title":{"rendered":"Aviso Legal"},"content":{"rendered":"\t\t<div data-elementor-type=\"wp-page\" data-elementor-id=\"834\" class=\"elementor elementor-834\" data-elementor-post-type=\"page\">\n\t\t\t\t\t\t<section class=\"elementor-section elementor-top-section elementor-element elementor-element-e40e43f elementor-section-boxed elementor-section-height-default elementor-section-height-default\" data-id=\"e40e43f\" data-element_type=\"section\" data-e-type=\"section\">\n\t\t\t\t\t\t<div class=\"elementor-container elementor-column-gap-default\">\n\t\t\t\t\t<div class=\"elementor-column elementor-col-100 elementor-top-column elementor-element elementor-element-71696c6\" data-id=\"71696c6\" data-element_type=\"column\" data-e-type=\"column\">\n\t\t\t<div class=\"elementor-widget-wrap elementor-element-populated\">\n\t\t\t\t\t\t<div class=\"elementor-element elementor-element-d3e3a08 elementor-widget elementor-widget-text-editor\" data-id=\"d3e3a08\" data-element_type=\"widget\" data-e-type=\"widget\" data-widget_type=\"text-editor.default\">\n\t\t\t\t<div class=\"elementor-widget-container\">\n\t\t\t\t\t\t\t\t\t<h1>Aviso legal<\/h1><p>La p\u00e1gina web \u00a0<a href=\"https:\/\/manortax.com\/es\/\">manortax.com<\/a> es propiedad de Manor Tax Services S.L.P. en adelante MANOR TAX.<\/p><p>El hecho de acceder a este sitio web implica el conocimiento y aceptaci\u00f3n de los siguientes t\u00e9rminos y condiciones de uso, en cumplimiento a las disposiciones legales vigentes en Espa\u00f1a de Protecci\u00f3n de datos de car\u00e1cter personal, Reglamento UE 2016\/679 y de la Ley 34\/2002, de 11 de julio, de Servicios de la Sociedad de la Informaci\u00f3n y Comercio Electr\u00f3nico (LSSI).<\/p><p>Ud. deber\u00e1 leer atentamente y aceptar las presentes condiciones de uso en su car\u00e1cter de Usuario de internet, en lo adelante \u201cusuario\u201d, comprometi\u00e9ndose a hacer un uso adecuado, correcto y l\u00edcito del sitio web y de todos sus contenidos, herramientas y funcionalidades.<\/p><p><strong><u>Datos de contacto:<\/u><\/strong><\/p><p><strong>Manor Tax Services S.L.P.<br \/><\/strong>B05411996<br \/>Rambla Catalu\u00f1a 57-59, 4\u00ba1\u00aa, 08007 Barcelona, (Espa\u00f1a)<br \/>Tel\u00e9fono: (+34) 935959080<br \/><a href=\"mailto:admin@manortax.com\">admin@manortax.com<\/a><\/p><p>Inscrita en el Registro Mercantil en fecha 18 de mayo de 2021 en el Tomo 47822, Folio 145, Hoja B 563319, Inscripci\u00f3n 1.<\/p><p><strong><u>Propiedad intelectual e Industrial.<\/u><\/strong><\/p><p>Los derechos de propiedad intelectual de esta p\u00e1gina web, su c\u00f3digo fuente, dise\u00f1o, estructura de navegaci\u00f3n y los distintos elementos en ella contenidos son titularidad de MANOR TAX, a quien corresponde el ejercicio exclusivo de los derechos de explotaci\u00f3n de los mismos en cualquier forma y, en especial, los derechos de reproducci\u00f3n, distribuci\u00f3n, comunicaci\u00f3n p\u00fablica y transformaci\u00f3n. Los terceros titulares de derechos de propiedad intelectual sobre fotograf\u00edas, logotipos, etc., incluidos en este sitio web han concedido a MANOR TAX las correspondientes autorizaciones para su reproducci\u00f3n y puesta a disposici\u00f3n del p\u00fablico.<\/p><p>Se autoriza la visualizaci\u00f3n, impresi\u00f3n y descarga parcial del contenido de la web s\u00f3lo y exclusivamente si concurren las siguientes condiciones: 1) Que sea compatible con los objetivos de esta p\u00e1gina web 2) Que se realice con el exclusivo \u00e1nimo de obtener la informaci\u00f3n contenida para uso personal y privado. Se proh\u00edbe expresamente su utilizaci\u00f3n con fines comerciales o para su distribuci\u00f3n, comunicaci\u00f3n p\u00fablica o transformaci\u00f3n sin el consentimiento expreso de MANOR TAX.<\/p><p>La utilizaci\u00f3n no autorizada de la informaci\u00f3n contenida en esta web, su reventa, as\u00ed como la lesi\u00f3n de los derechos de Propiedad Intelectual o Industrial de MANOR TAX, dar\u00e1 lugar a las responsabilidades legalmente establecidas.<\/p><p><strong><u>Enlaces hipertextuales<\/u><\/strong><\/p><p>MANOR TAX pone a disposici\u00f3n de los Usuarios enlaces o links con el fin de facilitar el acceso a la informaci\u00f3n, servicios y dem\u00e1s contenidos disponibles en Internet. Los enlaces o links habilitados pueden conducir al Usuario a otros sitios y p\u00e1ginas Web gestionadas por terceros, sobre los que MANOR TAX no ejerce ning\u00fan tipo de control. La puesta a disposici\u00f3n del Usuario de tales enlaces, directorios y herramientas de b\u00fasqueda tiene por objeto facilitar a los Usuarios la b\u00fasqueda y acceso a la informaci\u00f3n disponible en Internet; en ning\u00fan caso tendr\u00e1n la consideraci\u00f3n de recomendaciones a los usuarios, por lo que la decisi\u00f3n de utilizarlos ser\u00e1 siempre responsabilidad de estos \u00faltimos.<\/p><p><strong><u>Exclusi\u00f3n de Garant\u00edas y Responsabilidades<\/u><\/strong><\/p><p>MANOR TAX incluye en este sitio web informaci\u00f3n precisa y actualizada; \u00a0no obstante, la informaci\u00f3n alojada en el mismo podr\u00eda llegar a contener inexactitudes t\u00e9cnicas o errores tipogr\u00e1ficos, por lo que MANOR TAX no ofrecer\u00e1 garant\u00eda alguna respecto a la misma y no responde, en consecuencia, de su precisi\u00f3n, integridad, veracidad, suficiencia, actualidad o exhaustividad, ni de los da\u00f1os y perjuicios de cualquier naturaleza que pudieran deberse a la falta de exactitud, exhaustividad, actualidad, de la misma. MANOR TAX no garantiza la inexistencia de errores en el acceso a la web, en su contenido, ni que \u00e9ste se encuentre actualizado, aunque desarrollar\u00e1 sus mejores esfuerzos para, en su caso, evitarlos, subsanarlos o actualizarlos.<\/p><p>Tanto el acceso a este web como el uso que pueda hacerse de la informaci\u00f3n contenida en el mismo es de la exclusiva responsabilidad de quien lo realiza. MANOR TAX no responder\u00e1 de ninguna consecuencia, da\u00f1o o perjuicio que pudieran derivarse de dicho acceso o uso de la informaci\u00f3n. MANOR TAX no se hace responsable de los posibles errores de seguridad que se puedan producir ni de los posibles da\u00f1os que puedan causarse al sistema inform\u00e1tico del usuario (hardware y software), los ficheros o documentos almacenados en el mismo, como consecuencia de la presencia de virus en el ordenador del usuario utilizado para la conexi\u00f3n a los servicios y contenidos de la web, de un mal funcionamiento del navegador o del uso de versiones no actualizadas del mismo.<\/p><p>MANOR TAX no se responsabiliza de cualquier da\u00f1o o perjuicio derivado de circunstancias de fuerza mayor, como por ejemplo: error en las l\u00edneas de comunicaciones, defectos en el Hardware y Software de los usuarios, fallos en la red de Internet (de conexi\u00f3n, en las p\u00e1ginas enlazadas). No se garantiza que la p\u00e1gina web vaya a funcionar constante, fiable y correctamente, sin demoras o interrupciones.<\/p><p><u><br \/><strong>Tratamiento de datos y seguridad de la informaci\u00f3n<\/strong><\/u><\/p><p>MANOR TAX tratar\u00e1 datos de car\u00e1cter personal a trav\u00e9s de esta p\u00e1gina web. El usuario podr\u00e1 consultar la pol\u00edtica de protecci\u00f3n de datos aplicada a este tipo de informaci\u00f3n, a trav\u00e9s del enlace <strong><em>pol\u00edtica de privacidad<\/em><\/strong> , cuyo contenido se ajusta a lo Regulado en el Reglamento UE 2016\/679.<\/p><p><strong><u>Suspensi\u00f3n del servicio.<\/u><\/strong><\/p><p>MANOR TAX se reserva el derecho a suspender la visualizaci\u00f3n de esta p\u00e1gina web en todas o en algunas de sus funciones en relaci\u00f3n con todas las necesidades relativas a la eficacia y a la seguridad de la misma.<\/p><p><strong><u>Jurisdicci\u00f3n<\/u><\/strong><\/p><p>Este sitio web est\u00e1 regido en todos y cada uno de sus extremos por la normativa espa\u00f1ola que resulte de aplicaci\u00f3n. El usuario acepta expresamente dicho extremo, as\u00ed como que los Juzgados y Tribunales competentes para conocer de las divergencias derivadas de la interpretaci\u00f3n o aplicaci\u00f3n de este clausulado, y para resolver cualquier duda o controversia que pudiera derivarse de la existencia, acceso, utilizaci\u00f3n o contenido del presente Aviso Legal o del sitio web son los espa\u00f1oles, y se somete, con renuncia expresa a cualquier otro fuero, a los juzgados y tribunales de la ciudad de Barcelona.<\/p>\t\t\t\t\t\t\t\t<\/div>\n\t\t\t\t<\/div>\n\t\t\t\t\t<\/div>\n\t\t<\/div>\n\t\t\t\t\t<\/div>\n\t\t<\/section>\n\t\t\t\t<\/div>\n\t\t","protected":false},"excerpt":{"rendered":"<p>Aviso legal La p\u00e1gina web \u00a0manortax.com es propiedad de Manor Tax Services S.L.P. en adelante MANOR TAX. El hecho de acceder a este sitio web implica el conocimiento y aceptaci\u00f3n de los siguientes t\u00e9rminos y condiciones de uso, en cumplimiento a las disposiciones legales vigentes en Espa\u00f1a de Protecci\u00f3n de datos de car\u00e1cter personal, Reglamento&hellip;&nbsp;<a href=\"https:\/\/manortax.com\/es\/aviso-legal\/\" rel=\"bookmark\">Leer m\u00e1s &raquo;<span class=\"screen-reader-text\">Aviso Legal<\/span><\/a><\/p>\n","protected":false},"author":1,"featured_media":0,"parent":0,"menu_order":0,"comment_status":"closed","ping_status":"closed","template":"page-templates\/template-pagebuilder-full-width.php","meta":{"neve_meta_sidebar":"","neve_meta_container":"","neve_meta_enable_content_width":"","neve_meta_content_width":0,"neve_meta_title_alignment":"","neve_meta_author_avatar":"","neve_post_elements_order":"","neve_meta_disable_header":"","neve_meta_disable_footer":"","neve_meta_disable_title":"","footnotes":""},"class_list":["post-834","page","type-page","status-publish","hentry"],"_links":{"self":[{"href":"https:\/\/manortax.com\/es\/wp-json\/wp\/v2\/pages\/834","targetHints":{"allow":["GET"]}}],"collection":[{"href":"https:\/\/manortax.com\/es\/wp-json\/wp\/v2\/pages"}],"about":[{"href":"https:\/\/manortax.com\/es\/wp-json\/wp\/v2\/types\/page"}],"author":[{"embeddable":true,"href":"https:\/\/manortax.com\/es\/wp-json\/wp\/v2\/users\/1"}],"replies":[{"embeddable":true,"href":"https:\/\/manortax.com\/es\/wp-json\/wp\/v2\/comments?post=834"}],"version-history":[{"count":7,"href":"https:\/\/manortax.com\/es\/wp-json\/wp\/v2\/pages\/834\/revisions"}],"predecessor-version":[{"id":3228,"href":"https:\/\/manortax.com\/es\/wp-json\/wp\/v2\/pages\/834\/revisions\/3228"}],"wp:attachment":[{"href":"https:\/\/manortax.com\/es\/wp-json\/wp\/v2\/media?parent=834"}],"curies":[{"name":"wp","href":"https:\/\/api.w.org\/{rel}","templated":true}]}}